{"id":470,"date":"2017-07-04T21:21:51","date_gmt":"2017-07-04T21:21:51","guid":{"rendered":"http:\/\/gentlemens-journey.de\/?page_id=470"},"modified":"2022-06-08T13:03:57","modified_gmt":"2022-06-08T13:03:57","slug":"impressum-gentlemens-journey-lifestyleblog-2","status":"publish","type":"page","link":"https:\/\/gentlemens-journey.de\/en\/impressum-gentlemens-journey-lifestyleblog-2\/","title":{"rendered":"Impressum"},"content":{"rendered":"\n<figure class=\"wp-block-image alignwide size-large\"><img loading=\"lazy\" decoding=\"async\" width=\"1200\" height=\"200\" src=\"http:\/\/gentlemens-journey.de\/wp-content\/uploads\/2019\/11\/gentlemens_journey_logo_klein_neu.jpg\" alt=\"\" class=\"wp-image-6182\" srcset=\"https:\/\/gentlemens-journey.de\/wp-content\/uploads\/2019\/11\/gentlemens_journey_logo_klein_neu.jpg 1200w, https:\/\/gentlemens-journey.de\/wp-content\/uploads\/2019\/11\/gentlemens_journey_logo_klein_neu-300x50.jpg 300w, https:\/\/gentlemens-journey.de\/wp-content\/uploads\/2019\/11\/gentlemens_journey_logo_klein_neu-800x133.jpg 800w\" sizes=\"auto, (max-width: 1200px) 100vw, 1200px\" \/><\/figure>\n\n\n\n<h2 class=\"wp-block-heading\"><span style=\"color: #ff0000;\">Gentlemen&#8217;s Journey Lifestyleblog<\/span><\/h2>\n\n\n\n<p>Data according to \u00a7 5 TMG:<br>Markus L\u00f6blein<br>Frauenst\u00e4dtstra\u00dfe 10<br>80807 M\u00fcnchen<\/p>\n\n\n\n<p>Gentlemens Journey Lifestyleblog:<\/p>\n\n\n\n<p>Contact:<br><strong>E-Mail:<\/strong> contact@gentlemens-journey.de<br><em>Responsible for the content according to \u00a7 55 Abs. 2 RStV:<\/em><br><em>Markus L\u00f6blein<\/em><br><em>Frauenst\u00e4dtstra\u00dfe 10<\/em><br><em>80807 M\u00fcnchen<\/em><\/p>\n\n\n\n<p>Gentlemens Journey Lifestyleblog:<\/p>\n\n\n\n<h2 class=\"wp-block-heading\">Haftung f\u00fcr Inhalte<\/h2>\n\n\n\n<p>Als Diensteanbieter sind wir gem\u00e4\u00df \u00a7 7 Abs.1 TMG f\u00fcr eigene Inhalte auf diesen Seiten nach den allgemeinen Gesetzen verantwortlich. Nach \u00a7\u00a7 8 bis 10 TMG sind wir als Diensteanbieter jedoch nicht verpflichtet, \u00fcbermittelte oder gespeicherte fremde Informationen zu \u00fcberwachen oder nach Umst\u00e4nden zu forschen, die auf eine rechtswidrige T\u00e4tigkeit hinweisen.<br>Verpflichtungen zur Entfernung oder Sperrung der Nutzung von Informationen nach den allgemeinen Gesetzen bleiben hiervon unber\u00fchrt. Eine diesbez\u00fcgliche Haftung ist jedoch erst ab dem Zeitpunkt der Kenntnis einer konkreten Rechtsverletzung m\u00f6glich. Bei Bekanntwerden von entsprechenden Rechtsverletzungen werden wir diese Inhalte umgehend entfernen.<\/p>\n\n\n\n<h2 class=\"wp-block-heading\">Haftung f\u00fcr Links<\/h2>\n\n\n\n<p>Gentlemen&#8217;s Journey enth\u00e4lt Links zu externen Webseiten Dritter, auf deren Inhalte wir keinen Einfluss haben. Deshalb k\u00f6nnen wir f\u00fcr diese fremden Inhalte auch keine Gew\u00e4hr \u00fcbernehmen. F\u00fcr die Inhalte der verlinkten Seiten ist stets der jeweilige Anbieter oder Betreiber der Seiten verantwortlich. Die verlinkten &nbsp;Seiten wurden zum Zeitpunkt der Verlinkung auf m\u00f6gliche Rechtsverst\u00f6\u00dfe \u00fcberpr\u00fcft. Rechtswidrige Inhalte waren zum Zeitpunkt der Verlinkung nicht erkennbar. Eine permanente inhaltliche Kontrolle der verlinkten Seiten ist jedoch ohne konkrete Anhaltspunkte einer Rechtsverletzung nicht zumutbar. Bei Bekanntwerden von Rechtsverletzungen werden wir derartige Links<br>umgehend entfernen.<\/p>\n\n\n\n<h2 class=\"wp-block-heading\">Urheberrecht<\/h2>\n\n\n\n<p>Die durch die Seitenbetreiber erstellten Inhalte und Werke auf diesen Seiten von Gentlemens Journey Lifestyleblog unterliegen dem deutschen Urheberrecht. Die Vervielf\u00e4ltigung, Bearbeitung, Verbreitung und jede Art der Verwertung au\u00dferhalb der Grenzen des Urheberrechtes bed\u00fcrfen der schriftlichen Zustimmung des jeweiligen Autors bzw. Erstellers. Downloads und Kopien dieser Seite sind nur f\u00fcr den privaten, nicht kommerziellen Gebrauch gestattet.<\/p>\n\n\n\n<p>Soweit die Inhalte auf dieser Seite nicht vom Betreiber erstellt wurden, werden die Urheberrechte Dritter beachtet. Insbesondere werden Inhalte Dritter als solche gekennzeichnet. Sollten Sie trotzdem auf eine Urheberrechtsverletzung aufmerksam werden, bitten wir um einen entsprechenden Hinweis. Bei Bekanntwerden von Rechtsverletzungen werden wir derartige Inhalte umgehend entfernen.<\/p>\n\n\n\n<p>Quelle: <em>e-recht24.de <\/em><\/p>\n","protected":false},"excerpt":{"rendered":"<p>Gentlemen&#8217;s Journey Lifestyleblog Data according to \u00a7 5 TMG:Markus L\u00f6bleinFrauenst\u00e4dtstra\u00dfe 1080807 M\u00fcnchen Gentlemens Journey Lifestyleblog: Contact:E-Mail: contact@gentlemens-journey.deResponsible for the content according to \u00a7 55 Abs. 2 RStV:Markus L\u00f6bleinFrauenst\u00e4dtstra\u00dfe 1080807 M\u00fcnchen Gentlemens Journey Lifestyleblog: Haftung f\u00fcr Inhalte Als Diensteanbieter sind wir gem\u00e4\u00df \u00a7 7 Abs.1 TMG f\u00fcr eigene Inhalte auf diesen Seiten nach den allgemeinen Gesetzen verantwortlich. Nach \u00a7\u00a7 8 bis&hellip;<\/p>\n","protected":false},"author":1,"featured_media":0,"parent":0,"menu_order":0,"comment_status":"closed","ping_status":"closed","template":"template-no-sidebar.php","meta":{"jetpack_post_was_ever_published":false,"footnotes":""},"class_list":["post-470","page","type-page","status-publish","hentry"],"yoast_head":"<!-- This site is optimized with the Yoast SEO plugin v24.3 - https:\/\/yoast.com\/wordpress\/plugins\/seo\/ -->\n<title>Gentlemens Journey Lifestyleblog: Drinks. Reise. Meinung - Impressum<\/title>\n<meta name=\"description\" content=\"Don&#039;t kill the vibe, kill the glas. Auf dem Lifestyleblog Gentlemen&#039;s Journey schreibe ich \u00fcber Wein, Reisen, Sneaker - und Meinung. Kurz: Drink. Stay .Love.\" \/>\n<meta name=\"robots\" content=\"index, follow, max-snippet:-1, max-image-preview:large, max-video-preview:-1\" \/>\n<link rel=\"canonical\" href=\"https:\/\/gentlemens-journey.de\/en\/impressum-gentlemens-journey-lifestyleblog-2\/\" \/>\n<meta property=\"og:locale\" content=\"en_US\" \/>\n<meta property=\"og:type\" content=\"article\" \/>\n<meta property=\"og:title\" content=\"Gentlemens Journey Lifestyleblog: Drinks. Reise. Meinung - Impressum\" \/>\n<meta property=\"og:description\" content=\"Don&#039;t kill the vibe, kill the glas. Auf dem Lifestyleblog Gentlemen&#039;s Journey schreibe ich \u00fcber Wein, Reisen, Sneaker - und Meinung. Kurz: Drink. Stay .Love.\" \/>\n<meta property=\"og:url\" content=\"https:\/\/gentlemens-journey.de\/en\/impressum-gentlemens-journey-lifestyleblog-2\/\" \/>\n<meta property=\"og:site_name\" content=\"Gentlemen&#039;s Journey\" \/>\n<meta property=\"article:modified_time\" content=\"2022-06-08T13:03:57+00:00\" \/>\n<meta property=\"og:image\" content=\"http:\/\/gentlemens-journey.de\/wp-content\/uploads\/2019\/11\/gentlemens_journey_logo_klein_neu.jpg\" \/>\n<meta name=\"twitter:card\" content=\"summary_large_image\" \/>\n<meta name=\"twitter:label1\" content=\"Est. reading time\" \/>\n\t<meta name=\"twitter:data1\" content=\"3 minutes\" \/>\n<script type=\"application\/ld+json\" class=\"yoast-schema-graph\">{\"@context\":\"https:\/\/schema.org\",\"@graph\":[{\"@type\":\"WebPage\",\"@id\":\"https:\/\/gentlemens-journey.de\/en\/impressum-gentlemens-journey-lifestyleblog-2\/\",\"url\":\"https:\/\/gentlemens-journey.de\/en\/impressum-gentlemens-journey-lifestyleblog-2\/\",\"name\":\"Gentlemens Journey Lifestyleblog: Drinks. Reise. Meinung - Impressum\",\"isPartOf\":{\"@id\":\"https:\/\/gentlemens-journey.de\/en\/#website\"},\"primaryImageOfPage\":{\"@id\":\"https:\/\/gentlemens-journey.de\/en\/impressum-gentlemens-journey-lifestyleblog-2\/#primaryimage\"},\"image\":{\"@id\":\"https:\/\/gentlemens-journey.de\/en\/impressum-gentlemens-journey-lifestyleblog-2\/#primaryimage\"},\"thumbnailUrl\":\"http:\/\/gentlemens-journey.de\/wp-content\/uploads\/2019\/11\/gentlemens_journey_logo_klein_neu.jpg\",\"datePublished\":\"2017-07-04T21:21:51+00:00\",\"dateModified\":\"2022-06-08T13:03:57+00:00\",\"description\":\"Don't kill the vibe, kill the glas. Auf dem Lifestyleblog Gentlemen's Journey schreibe ich \u00fcber Wein, Reisen, Sneaker - und Meinung. Kurz: Drink. Stay .Love.\",\"breadcrumb\":{\"@id\":\"https:\/\/gentlemens-journey.de\/en\/impressum-gentlemens-journey-lifestyleblog-2\/#breadcrumb\"},\"inLanguage\":\"en-US\",\"potentialAction\":[{\"@type\":\"ReadAction\",\"target\":[\"https:\/\/gentlemens-journey.de\/en\/impressum-gentlemens-journey-lifestyleblog-2\/\"]}]},{\"@type\":\"ImageObject\",\"inLanguage\":\"en-US\",\"@id\":\"https:\/\/gentlemens-journey.de\/en\/impressum-gentlemens-journey-lifestyleblog-2\/#primaryimage\",\"url\":\"http:\/\/gentlemens-journey.de\/wp-content\/uploads\/2019\/11\/gentlemens_journey_logo_klein_neu.jpg\",\"contentUrl\":\"http:\/\/gentlemens-journey.de\/wp-content\/uploads\/2019\/11\/gentlemens_journey_logo_klein_neu.jpg\"},{\"@type\":\"BreadcrumbList\",\"@id\":\"https:\/\/gentlemens-journey.de\/en\/impressum-gentlemens-journey-lifestyleblog-2\/#breadcrumb\",\"itemListElement\":[{\"@type\":\"ListItem\",\"position\":1,\"name\":\"Startseite\",\"item\":\"https:\/\/gentlemens-journey.de\/en\/\"},{\"@type\":\"ListItem\",\"position\":2,\"name\":\"Impressum\"}]},{\"@type\":\"WebSite\",\"@id\":\"https:\/\/gentlemens-journey.de\/en\/#website\",\"url\":\"https:\/\/gentlemens-journey.de\/en\/\",\"name\":\"Gentlemen&#039;s Journey\",\"description\":\"Drink. Stay. Love\",\"publisher\":{\"@id\":\"https:\/\/gentlemens-journey.de\/en\/#\/schema\/person\/5222bb554b9355587695244278191652\"},\"potentialAction\":[{\"@type\":\"SearchAction\",\"target\":{\"@type\":\"EntryPoint\",\"urlTemplate\":\"https:\/\/gentlemens-journey.de\/en\/?s={search_term_string}\"},\"query-input\":{\"@type\":\"PropertyValueSpecification\",\"valueRequired\":true,\"valueName\":\"search_term_string\"}}],\"inLanguage\":\"en-US\"},{\"@type\":[\"Person\",\"Organization\"],\"@id\":\"https:\/\/gentlemens-journey.de\/en\/#\/schema\/person\/5222bb554b9355587695244278191652\",\"name\":\"GentlemensJourney\",\"image\":{\"@type\":\"ImageObject\",\"inLanguage\":\"en-US\",\"@id\":\"https:\/\/gentlemens-journey.de\/en\/#\/schema\/person\/image\/\",\"url\":\"http:\/\/gentlemens-journey.de\/wp-content\/uploads\/2022\/03\/IMG_6329_jpg-scaled.jpeg\",\"contentUrl\":\"http:\/\/gentlemens-journey.de\/wp-content\/uploads\/2022\/03\/IMG_6329_jpg-scaled.jpeg\",\"width\":1920,\"height\":2560,\"caption\":\"GentlemensJourney\"},\"logo\":{\"@id\":\"https:\/\/gentlemens-journey.de\/en\/#\/schema\/person\/image\/\"}}]}<\/script>\n<!-- \/ Yoast SEO plugin. -->","yoast_head_json":{"title":"Gentlemens Journey Lifestyleblog: Drinks. Reise. Meinung - Impressum","description":"Don't kill the vibe, kill the glas. Auf dem Lifestyleblog Gentlemen's Journey schreibe ich \u00fcber Wein, Reisen, Sneaker - und Meinung. Kurz: Drink. Stay .Love.","robots":{"index":"index","follow":"follow","max-snippet":"max-snippet:-1","max-image-preview":"max-image-preview:large","max-video-preview":"max-video-preview:-1"},"canonical":"https:\/\/gentlemens-journey.de\/en\/impressum-gentlemens-journey-lifestyleblog-2\/","og_locale":"en_US","og_type":"article","og_title":"Gentlemens Journey Lifestyleblog: Drinks. Reise. Meinung - Impressum","og_description":"Don't kill the vibe, kill the glas. Auf dem Lifestyleblog Gentlemen's Journey schreibe ich \u00fcber Wein, Reisen, Sneaker - und Meinung. Kurz: Drink. Stay .Love.","og_url":"https:\/\/gentlemens-journey.de\/en\/impressum-gentlemens-journey-lifestyleblog-2\/","og_site_name":"Gentlemen&#039;s Journey","article_modified_time":"2022-06-08T13:03:57+00:00","og_image":[{"url":"http:\/\/gentlemens-journey.de\/wp-content\/uploads\/2019\/11\/gentlemens_journey_logo_klein_neu.jpg","type":"","width":"","height":""}],"twitter_card":"summary_large_image","twitter_misc":{"Est. reading time":"3 minutes"},"schema":{"@context":"https:\/\/schema.org","@graph":[{"@type":"WebPage","@id":"https:\/\/gentlemens-journey.de\/en\/impressum-gentlemens-journey-lifestyleblog-2\/","url":"https:\/\/gentlemens-journey.de\/en\/impressum-gentlemens-journey-lifestyleblog-2\/","name":"Gentlemens Journey Lifestyleblog: Drinks. Reise. Meinung - Impressum","isPartOf":{"@id":"https:\/\/gentlemens-journey.de\/en\/#website"},"primaryImageOfPage":{"@id":"https:\/\/gentlemens-journey.de\/en\/impressum-gentlemens-journey-lifestyleblog-2\/#primaryimage"},"image":{"@id":"https:\/\/gentlemens-journey.de\/en\/impressum-gentlemens-journey-lifestyleblog-2\/#primaryimage"},"thumbnailUrl":"http:\/\/gentlemens-journey.de\/wp-content\/uploads\/2019\/11\/gentlemens_journey_logo_klein_neu.jpg","datePublished":"2017-07-04T21:21:51+00:00","dateModified":"2022-06-08T13:03:57+00:00","description":"Don't kill the vibe, kill the glas. Auf dem Lifestyleblog Gentlemen's Journey schreibe ich \u00fcber Wein, Reisen, Sneaker - und Meinung. Kurz: Drink. Stay .Love.","breadcrumb":{"@id":"https:\/\/gentlemens-journey.de\/en\/impressum-gentlemens-journey-lifestyleblog-2\/#breadcrumb"},"inLanguage":"en-US","potentialAction":[{"@type":"ReadAction","target":["https:\/\/gentlemens-journey.de\/en\/impressum-gentlemens-journey-lifestyleblog-2\/"]}]},{"@type":"ImageObject","inLanguage":"en-US","@id":"https:\/\/gentlemens-journey.de\/en\/impressum-gentlemens-journey-lifestyleblog-2\/#primaryimage","url":"http:\/\/gentlemens-journey.de\/wp-content\/uploads\/2019\/11\/gentlemens_journey_logo_klein_neu.jpg","contentUrl":"http:\/\/gentlemens-journey.de\/wp-content\/uploads\/2019\/11\/gentlemens_journey_logo_klein_neu.jpg"},{"@type":"BreadcrumbList","@id":"https:\/\/gentlemens-journey.de\/en\/impressum-gentlemens-journey-lifestyleblog-2\/#breadcrumb","itemListElement":[{"@type":"ListItem","position":1,"name":"Startseite","item":"https:\/\/gentlemens-journey.de\/en\/"},{"@type":"ListItem","position":2,"name":"Impressum"}]},{"@type":"WebSite","@id":"https:\/\/gentlemens-journey.de\/en\/#website","url":"https:\/\/gentlemens-journey.de\/en\/","name":"Gentlemen&#039;s Journey","description":"Drink. Stay. Love","publisher":{"@id":"https:\/\/gentlemens-journey.de\/en\/#\/schema\/person\/5222bb554b9355587695244278191652"},"potentialAction":[{"@type":"SearchAction","target":{"@type":"EntryPoint","urlTemplate":"https:\/\/gentlemens-journey.de\/en\/?s={search_term_string}"},"query-input":{"@type":"PropertyValueSpecification","valueRequired":true,"valueName":"search_term_string"}}],"inLanguage":"en-US"},{"@type":["Person","Organization"],"@id":"https:\/\/gentlemens-journey.de\/en\/#\/schema\/person\/5222bb554b9355587695244278191652","name":"GentlemensJourney","image":{"@type":"ImageObject","inLanguage":"en-US","@id":"https:\/\/gentlemens-journey.de\/en\/#\/schema\/person\/image\/","url":"http:\/\/gentlemens-journey.de\/wp-content\/uploads\/2022\/03\/IMG_6329_jpg-scaled.jpeg","contentUrl":"http:\/\/gentlemens-journey.de\/wp-content\/uploads\/2022\/03\/IMG_6329_jpg-scaled.jpeg","width":1920,"height":2560,"caption":"GentlemensJourney"},"logo":{"@id":"https:\/\/gentlemens-journey.de\/en\/#\/schema\/person\/image\/"}}]}},"jetpack_shortlink":"https:\/\/wp.me\/P8THI0-7A","jetpack_sharing_enabled":true,"_links":{"self":[{"href":"https:\/\/gentlemens-journey.de\/en\/wp-json\/wp\/v2\/pages\/470","targetHints":{"allow":["GET"]}}],"collection":[{"href":"https:\/\/gentlemens-journey.de\/en\/wp-json\/wp\/v2\/pages"}],"about":[{"href":"https:\/\/gentlemens-journey.de\/en\/wp-json\/wp\/v2\/types\/page"}],"author":[{"embeddable":true,"href":"https:\/\/gentlemens-journey.de\/en\/wp-json\/wp\/v2\/users\/1"}],"replies":[{"embeddable":true,"href":"https:\/\/gentlemens-journey.de\/en\/wp-json\/wp\/v2\/comments?post=470"}],"version-history":[{"count":5,"href":"https:\/\/gentlemens-journey.de\/en\/wp-json\/wp\/v2\/pages\/470\/revisions"}],"predecessor-version":[{"id":25709,"href":"https:\/\/gentlemens-journey.de\/en\/wp-json\/wp\/v2\/pages\/470\/revisions\/25709"}],"wp:attachment":[{"href":"https:\/\/gentlemens-journey.de\/en\/wp-json\/wp\/v2\/media?parent=470"}],"curies":[{"name":"wp","href":"https:\/\/api.w.org\/{rel}","templated":true}]}}